{"id":28999,"date":"2019-12-26T12:36:32","date_gmt":"2019-12-26T09:36:32","guid":{"rendered":"https:\/\/serraproje.com\/services\/"},"modified":"2024-05-02T12:35:10","modified_gmt":"2024-05-02T09:35:10","slug":"services","status":"publish","type":"page","link":"https:\/\/serraproje.com\/en\/services\/","title":{"rendered":"SERVICES"},"content":{"rendered":"\t\t<div data-elementor-type=\"wp-page\" data-elementor-id=\"28999\" class=\"elementor elementor-28999 elementor-23853\">\n\t\t\t\t\t\t<section class=\"elementor-section elementor-top-section elementor-element elementor-element-c77849d elementor-section-boxed elementor-section-height-default elementor-section-height-default\" data-id=\"c77849d\" data-element_type=\"section\" data-e-type=\"section\" data-settings=\"{&quot;background_background&quot;:&quot;classic&quot;}\">\r\n\t\t\t\t\t\t\t<div class=\"elementor-background-overlay\"><\/div>\r\n\t\t\t\t\t\t\t<div class=\"elementor-container elementor-column-gap-narrow\"><div class=\"elementor-row\">\r\n\t\t\t\t\t<div class=\"elementor-column elementor-col-100 elementor-top-column elementor-element elementor-element-185b996\" data-id=\"185b996\" data-element_type=\"column\" data-e-type=\"column\">\n\t\t\t<div class=\"elementor-widget-wrap elementor-element-populated\">\n\t\t\t\t\t\t<div class=\"elementor-element elementor-element-7a9ffdf flex-horizontal-align-default flex-horizontal-align-tablet-default flex-horizontal-align-mobile-default flex-vertical-align-default flex-vertical-align-tablet-default flex-vertical-align-mobile-default elementor-widget elementor-widget-thegem-quickfinders\" data-id=\"7a9ffdf\" data-element_type=\"widget\" data-e-type=\"widget\" data-settings=\"{&quot;thegem_elementor_preset&quot;:&quot;iconed&quot;}\" data-widget_type=\"thegem-quickfinders.default\">\n\t\t\t\t<div class=\"elementor-widget-container\">\n\t\t\t\t\t\n<div class=\"quickfinder row inline-row quickfinder-style-iconed\">\n\t\t\t<div class=\"quickfinder-item inline-column col-md-12 col-sm-6 col-xs-12\">\n\n\t\t\t\t\t\t\t<div class=\"quickfinder-item-box\">\n\t\t\t\n\t\t\t\t<div class=\"quickfinder-item-inner bordered-box icon-top icon-wrapping-none centered-box button-bottom lazy-loading-item\" data-ll-effect=\"fading\" data-ll-item-delay=\"200\"> \n\n\t\t\t\t\t\t\t\t\t\t\t<div class=\"quickfinder-icon-container\">\n\n\t<div class=\"connector-container\">\n\t\t<span><\/span>\n\t<\/div>\n\n\t<div class=\"gem-qf-icon-image-wrapper\">\n\t\t\t\t\t<div class=\"gem-image\">\n\t\t\t\t<span>\n\t\t\t\t\t\t\t\t\t<\/span>\n\t\t\t<\/div>\n\n\n\t\t\n\t\t\t\t\t<a class=\"quickfinder-item-link\" aria-label=\"Read more\" href=\"#\"><\/a>\n\t\t\t<\/div>\n\n\t<div class=\"connector-container\">\n\t\t<span><\/span>\n\t<\/div>\n\n<\/div>\n\n\t\t\t\t\t\n\t\t\t\t\t<div class=\"quickfinder-item-info-wrapper\"> \n\t\t\t\t\t\t<div class=\"quickfinder-item-info\">\n\t\n\t\t<h2 class=\"quickfinder-title title-h2 light\">\n\t\t\tArchitectural, Interior Architecture and Engineering Project Services\t\t<\/h2>\n\t\n\t\n\t\t<div class=\"quickfinder-description gem-text-output\">\n\t\t\t<p><a href=\"https:\/\/serraproje.com\/wp-content\/uploads\/2023\/12\/hizmetler-mimari-01.jpg\"><img fetchpriority=\"high\" class=\"alignnone wp-image-25745 size-full\" src=\"https:\/\/serraproje.com\/wp-content\/uploads\/2023\/12\/hizmetler-mimari-01.jpg\" alt=\"Mimari, \u0130\u00e7 Mimari ve M\u00fchendislik Proje Hizmetleri\" width=\"800\" height=\"533\" srcset=\"https:\/\/serraproje.com\/wp-content\/uploads\/2023\/12\/hizmetler-mimari-01.jpg 800w, https:\/\/serraproje.com\/wp-content\/uploads\/2023\/12\/hizmetler-mimari-01-300x200.jpg 300w, https:\/\/serraproje.com\/wp-content\/uploads\/2023\/12\/hizmetler-mimari-01-768x512.jpg 768w\" sizes=\"(max-width: 800px) 100vw, 800px\" \/><\/a><\/p>\t\t<\/div>\n\t\n\t<\/div>\t\t\t\t\t<\/div>\n\n\t\t\t\t\t\t<a href=\"https:\/\/serraproje.com\/en\/services\/architecture-interior-architecture-and-engineering-project-services\/\" class=\"quickfinder-item-link\" aria-label=\"Read more\"><\/a>\n\n\t\t\t\t<\/div>\n\n\t\t\t\t\t\t\t<\/div>\n\t\t\t\t\t<\/div>\n\t\t\t<div class=\"quickfinder-item inline-column col-md-12 col-sm-6 col-xs-12\">\n\n\t\t\t\t\t\t\t<div class=\"quickfinder-item-box\">\n\t\t\t\n\t\t\t\t<div class=\"quickfinder-item-inner bordered-box icon-top icon-wrapping-none centered-box button-bottom lazy-loading-item\" data-ll-effect=\"fading\" data-ll-item-delay=\"200\"> \n\n\t\t\t\t\t\n\t\t\t\t\t<div class=\"quickfinder-item-info-wrapper\"> \n\t\t\t\t\t\t<div class=\"quickfinder-item-info\">\n\t\n\t\t<h2 class=\"quickfinder-title title-h2 light\">\n\t\t\tArchitectural Concept Project Development and Consultancy Services\t\t<\/h2>\n\t\n\t\n\t\t<div class=\"quickfinder-description gem-text-output\">\n\t\t\t<p><a href=\"https:\/\/serraproje.com\/wp-content\/uploads\/2023\/12\/hizmetler-mimari-02.jpg\"><img class=\"alignnone wp-image-25769 size-full\" src=\"https:\/\/serraproje.com\/wp-content\/uploads\/2023\/12\/hizmetler-mimari-02.jpg\" alt=\"Mimari, \u0130\u00e7 Mimari ve M\u00fchendislik Proje Hizmetleri\" width=\"900\" height=\"600\" srcset=\"https:\/\/serraproje.com\/wp-content\/uploads\/2023\/12\/hizmetler-mimari-02.jpg 900w, https:\/\/serraproje.com\/wp-content\/uploads\/2023\/12\/hizmetler-mimari-02-300x200.jpg 300w, https:\/\/serraproje.com\/wp-content\/uploads\/2023\/12\/hizmetler-mimari-02-768x512.jpg 768w\" sizes=\"(max-width: 900px) 100vw, 900px\" \/><\/a><\/p>\t\t<\/div>\n\t\n\t<\/div>\t\t\t\t\t<\/div>\n\n\t\t\t\t\t\t<a href=\"https:\/\/serraproje.com\/en\/services\/architectural-concept-project-development-and-consultancy-services\/\" class=\"quickfinder-item-link\" aria-label=\"Read more\"><\/a>\n\n\t\t\t\t<\/div>\n\n\t\t\t\t\t\t\t<\/div>\n\t\t\t\t\t<\/div>\n\t\t\t<div class=\"quickfinder-item inline-column col-md-12 col-sm-6 col-xs-12\">\n\n\t\t\t\t\t\t\t<div class=\"quickfinder-item-box\">\n\t\t\t\n\t\t\t\t<div class=\"quickfinder-item-inner bordered-box icon-top icon-wrapping-none centered-box button-bottom lazy-loading-item\" data-ll-effect=\"fading\" data-ll-item-delay=\"200\"> \n\n\t\t\t\t\t\n\t\t\t\t\t<div class=\"quickfinder-item-info-wrapper\"> \n\t\t\t\t\t\t<div class=\"quickfinder-item-info\">\n\t\n\t\t<h2 class=\"quickfinder-title title-h2 light\">\n\t\t\tArchitectural Project Revision and Consultancy Services\t\t<\/h2>\n\t\n\t\n\t\t<div class=\"quickfinder-description gem-text-output\">\n\t\t\t<p><a href=\"https:\/\/serraproje.com\/wp-content\/uploads\/2023\/12\/hizmetler-mimari-03.jpg\"><img class=\"alignnone wp-image-25770 size-full\" src=\"https:\/\/serraproje.com\/wp-content\/uploads\/2023\/12\/hizmetler-mimari-03.jpg\" alt=\"Mimari, \u0130\u00e7 Mimari ve M\u00fchendislik Proje Hizmetleri\" width=\"900\" height=\"600\" srcset=\"https:\/\/serraproje.com\/wp-content\/uploads\/2023\/12\/hizmetler-mimari-03.jpg 900w, https:\/\/serraproje.com\/wp-content\/uploads\/2023\/12\/hizmetler-mimari-03-300x200.jpg 300w, https:\/\/serraproje.com\/wp-content\/uploads\/2023\/12\/hizmetler-mimari-03-768x512.jpg 768w\" sizes=\"(max-width: 900px) 100vw, 900px\" \/><\/a><\/p>\t\t<\/div>\n\t\n\t<\/div>\t\t\t\t\t<\/div>\n\n\t\t\t\t\t\t<a href=\"https:\/\/serraproje.com\/en\/services\/architectural-project-revision-and-consultancy-services\/\" class=\"quickfinder-item-link\" aria-label=\"Read more\"><\/a>\n\n\t\t\t\t<\/div>\n\n\t\t\t\t\t\t\t<\/div>\n\t\t\t\t\t<\/div>\n\t\t\t<div class=\"quickfinder-item inline-column col-md-12 col-sm-6 col-xs-12\">\n\n\t\t\t\t\t\t\t<div class=\"quickfinder-item-box\">\n\t\t\t\n\t\t\t\t<div class=\"quickfinder-item-inner bordered-box icon-top icon-wrapping-none centered-box button-bottom lazy-loading-item\" data-ll-effect=\"fading\" data-ll-item-delay=\"200\"> \n\n\t\t\t\t\t\n\t\t\t\t\t<div class=\"quickfinder-item-info-wrapper\"> \n\t\t\t\t\t\t<div class=\"quickfinder-item-info\">\n\t\n\t\t<h2 class=\"quickfinder-title title-h2 light\">\n\t\t\tFeasibility Study and Turnkey Construction Services\t\t<\/h2>\n\t\n\t\n\t\t<div class=\"quickfinder-description gem-text-output\">\n\t\t\t<p><a href=\"https:\/\/serraproje.com\/wp-content\/uploads\/2024\/01\/hizmetler-mimari-004.jpg\"><img loading=\"lazy\" class=\"alignnone wp-image-26786 size-full\" src=\"https:\/\/serraproje.com\/wp-content\/uploads\/2024\/01\/hizmetler-mimari-004.jpg\" alt=\"\" width=\"900\" height=\"600\" srcset=\"https:\/\/serraproje.com\/wp-content\/uploads\/2024\/01\/hizmetler-mimari-004.jpg 900w, https:\/\/serraproje.com\/wp-content\/uploads\/2024\/01\/hizmetler-mimari-004-300x200.jpg 300w, https:\/\/serraproje.com\/wp-content\/uploads\/2024\/01\/hizmetler-mimari-004-768x512.jpg 768w\" sizes=\"(max-width: 900px) 100vw, 900px\" \/><\/a><\/p>\t\t<\/div>\n\t\n\t<\/div>\t\t\t\t\t<\/div>\n\n\t\t\t\t\t\t<a href=\"https:\/\/serraproje.com\/en\/services\/feasibility-construction-and-turnkey-construction-services\/\" class=\"quickfinder-item-link\" aria-label=\"Read more\"><\/a>\n\n\t\t\t\t<\/div>\n\n\t\t\t\t\t\t\t<\/div>\n\t\t\t\t\t<\/div>\n\t\t\t<div class=\"quickfinder-item inline-column col-md-12 col-sm-6 col-xs-12\">\n\n\t\t\t\t\t\t\t<div class=\"quickfinder-item-box\">\n\t\t\t\n\t\t\t\t<div class=\"quickfinder-item-inner bordered-box icon-top icon-wrapping-none centered-box button-bottom lazy-loading-item\" data-ll-effect=\"fading\" data-ll-item-delay=\"200\"> \n\n\t\t\t\t\t\n\t\t\t\t\t<div class=\"quickfinder-item-info-wrapper\"> \n\t\t\t\t\t\t<div class=\"quickfinder-item-info\">\n\t\n\t\t<h2 class=\"quickfinder-title title-h2 light\">\n\t\t\tLicense Procurement and Transfer Consultancy Services\t\t<\/h2>\n\t\n\t\n\t\t<div class=\"quickfinder-description gem-text-output\">\n\t\t\t<p><a href=\"https:\/\/serraproje.com\/wp-content\/uploads\/2024\/01\/hizmetler-mimari-05.jpg\"><img loading=\"lazy\" class=\"alignnone wp-image-26785 size-full\" src=\"https:\/\/serraproje.com\/wp-content\/uploads\/2024\/01\/hizmetler-mimari-05.jpg\" alt=\"\" width=\"900\" height=\"600\" srcset=\"https:\/\/serraproje.com\/wp-content\/uploads\/2024\/01\/hizmetler-mimari-05.jpg 900w, https:\/\/serraproje.com\/wp-content\/uploads\/2024\/01\/hizmetler-mimari-05-300x200.jpg 300w, https:\/\/serraproje.com\/wp-content\/uploads\/2024\/01\/hizmetler-mimari-05-768x512.jpg 768w\" sizes=\"(max-width: 900px) 100vw, 900px\" \/><\/a><\/p>\t\t<\/div>\n\t\n\t<\/div>\t\t\t\t\t<\/div>\n\n\t\t\t\t\t\t<a href=\"https:\/\/serraproje.com\/en\/services\/license-procurement-and-transfer-transportation-consultancy-services\/\" class=\"quickfinder-item-link\" aria-label=\"Read more\"><\/a>\n\n\t\t\t\t<\/div>\n\n\t\t\t\t\t\t\t<\/div>\n\t\t\t\t\t<\/div>\n\t<\/div>\n\t\t\t\t<\/div>\n\t\t\t\t<\/div>\n\t\t\t\t\t<\/div>\n\t\t<\/div>\n\t\t\t\t\t<\/div><\/div>\r\n\t\t<\/section>\r\n\t\t\t\t<\/div>\n\t\t","protected":false},"excerpt":{"rendered":"<p>Architectural, Interior Architecture and Engineering Project Services Architectural Concept Project Development and Consultancy Services Architectural Project Revision and Consultancy Services&#8230;<\/p>\n","protected":false},"author":1,"featured_media":0,"parent":0,"menu_order":0,"comment_status":"closed","ping_status":"closed","template":"page-fullwidth.php","meta":{"footnotes":""},"class_list":["post-28999","page","type-page","status-publish"],"_links":{"self":[{"href":"https:\/\/serraproje.com\/en\/wp-json\/wp\/v2\/pages\/28999","targetHints":{"allow":["GET"]}}],"collection":[{"href":"https:\/\/serraproje.com\/en\/wp-json\/wp\/v2\/pages"}],"about":[{"href":"https:\/\/serraproje.com\/en\/wp-json\/wp\/v2\/types\/page"}],"author":[{"embeddable":true,"href":"https:\/\/serraproje.com\/en\/wp-json\/wp\/v2\/users\/1"}],"replies":[{"embeddable":true,"href":"https:\/\/serraproje.com\/en\/wp-json\/wp\/v2\/comments?post=28999"}],"version-history":[{"count":15,"href":"https:\/\/serraproje.com\/en\/wp-json\/wp\/v2\/pages\/28999\/revisions"}],"predecessor-version":[{"id":29152,"href":"https:\/\/serraproje.com\/en\/wp-json\/wp\/v2\/pages\/28999\/revisions\/29152"}],"wp:attachment":[{"href":"https:\/\/serraproje.com\/en\/wp-json\/wp\/v2\/media?parent=28999"}],"curies":[{"name":"wp","href":"https:\/\/api.w.org\/{rel}","templated":true}]}}