{"id":29069,"date":"2024-01-26T15:09:32","date_gmt":"2024-01-26T12:09:32","guid":{"rendered":"https:\/\/serraproje.com\/project-and-consultancy-services\/"},"modified":"2024-04-30T12:35:51","modified_gmt":"2024-04-30T09:35:51","slug":"project-and-consultancy-services","status":"publish","type":"page","link":"https:\/\/serraproje.com\/en\/project-and-consultancy-services\/","title":{"rendered":"Project and Consultancy Services"},"content":{"rendered":"\t\t<div data-elementor-type=\"wp-page\" data-elementor-id=\"29069\" class=\"elementor elementor-29069 elementor-27157\">\n\t\t\t\t\t\t<section class=\"elementor-section elementor-top-section elementor-element elementor-element-26974b2e elementor-section-content-top elementor-section-boxed elementor-section-height-default elementor-section-height-default\" data-id=\"26974b2e\" data-element_type=\"section\" data-e-type=\"section\">\r\n\t\t\t\t\t\t<div class=\"elementor-container elementor-column-gap-thegem\"><div class=\"elementor-row\">\r\n\t\t\t\t\t<div class=\"elementor-column elementor-col-100 elementor-top-column elementor-element elementor-element-5c71824\" data-id=\"5c71824\" data-element_type=\"column\" data-e-type=\"column\">\n\t\t\t<div class=\"elementor-widget-wrap elementor-element-populated\">\n\t\t\t\t\t\t<div class=\"elementor-element elementor-element-f376f98 flex-horizontal-align-default flex-horizontal-align-tablet-default flex-horizontal-align-mobile-default flex-vertical-align-default flex-vertical-align-tablet-default flex-vertical-align-mobile-default elementor-widget elementor-widget-text-editor\" data-id=\"f376f98\" data-element_type=\"widget\" data-e-type=\"widget\" data-widget_type=\"text-editor.default\">\n\t\t\t\t<div class=\"elementor-widget-container\">\n\t\t\t\t\t\t\t\t\t\t\t\t<div class=\"elementor-text-editor elementor-clearfix\">\r\n\t\t\t\t\t\t<ul>\n<li>\u00c7ORUM \u00d6ZEL EL\u0130TPARK HOSPITAL ADDITIONAL BUILDING PROJECT<\/li>\n<li>\u0130SKENDERUN GEL\u0130\u015e\u0130M HOSPITAL ADDITIONAL BUILDING<\/li>\n<li>MARMAR\u0130S Y\u00dcCELEN HOSPITAL<\/li>\n<li>\u00d6ZEL MARD\u0130N NUSAYB\u0130N HOSPITAL<\/li>\n<li>\u00d6ZEL MARMAR\u0130S Y\u00dcCELEN HOSPITAL<\/li>\n<li>SAMSUN AKADEM\u0130 HOSPITAL<\/li>\n<li>AKSARAY \u0130NOVA HOSPITAL<\/li>\n<li>KONYA ERE\u011eL\u0130 HOSPITAL<\/li>\n<li>KAHRAMANMARA\u015e DO\u011eA HOSPITAL<\/li>\n<li>\u015eANLIURFA MA\u015eUK HOSPITAL<\/li>\n<li>ANTALYA KUMLUCA MED\u0130KUM HOSPITAL<\/li>\n<li>KONYA G\u00d6Z HOSPITAL<\/li>\n<li>MALD\u0130VLER TREE TOP HOSP\u0130TAL<\/li>\n<li>N\u0130JER N\u0130AMEY T\u0130KA T\u00dcRK HOSPITAL<\/li>\n<li>N\u0130JER N\u0130AMEY T\u0130KA T\u00dcRK OKULU PROJECT<\/li>\n<li>GABON T\u0130KA T\u00dcRK OKULU PROJECT<\/li>\n<li>SAMSUN L\u0130MAN HOSPITAL<\/li>\n<li>ANKARA LOKMAN HEK\u0130M ETL\u0130K HOSPITAL ADDITIONAL BUILDING<\/li>\n<li>MERS\u0130N SU HOSPITAL<\/li>\n<li>CEZAY\u0130R CLINIQUE AM\u0130NA<\/li>\n<li>GAZ\u0130ANTEP GAZ\u0130KENT BOSSAN HOSPITAL<\/li>\n<li>ERZURUM BUHARA HOSPITAL ADDITIONAL BUILDING<\/li>\n<li>ANTALYA MEYDAN HOSPITAL<\/li>\n<li>SOMAL\u0130 MOGAD\u0130\u015eU HOSPITAL<\/li>\n<li>KIRGIZ\u0130STAN O\u015e HOSPITAL<\/li>\n<li>MERS\u0130N C\u0130TY HOSPITAL NEW BUILDING<\/li>\n<\/ul>\n\t\t\t\t\t\t\t<\/div>\r\n\t\t\t\t\t\t\t\t\t\t<\/div>\n\t\t\t\t<\/div>\n\t\t\t\t\t<\/div>\n\t\t<\/div>\n\t\t\t\t\t<\/div><\/div>\r\n\t\t<\/section>\r\n\t\t\t\t<\/div>\n\t\t","protected":false},"excerpt":{"rendered":"<p>\u00c7ORUM \u00d6ZEL EL\u0130TPARK HOSPITAL ADDITIONAL BUILDING PROJECT \u0130SKENDERUN GEL\u0130\u015e\u0130M HOSPITAL ADDITIONAL BUILDING MARMAR\u0130S Y\u00dcCELEN HOSPITAL \u00d6ZEL MARD\u0130N NUSAYB\u0130N HOSPITAL \u00d6ZEL&#8230;<\/p>\n","protected":false},"author":1,"featured_media":0,"parent":0,"menu_order":0,"comment_status":"closed","ping_status":"closed","template":"","meta":{"footnotes":""},"class_list":["post-29069","page","type-page","status-publish"],"_links":{"self":[{"href":"https:\/\/serraproje.com\/en\/wp-json\/wp\/v2\/pages\/29069","targetHints":{"allow":["GET"]}}],"collection":[{"href":"https:\/\/serraproje.com\/en\/wp-json\/wp\/v2\/pages"}],"about":[{"href":"https:\/\/serraproje.com\/en\/wp-json\/wp\/v2\/types\/page"}],"author":[{"embeddable":true,"href":"https:\/\/serraproje.com\/en\/wp-json\/wp\/v2\/users\/1"}],"replies":[{"embeddable":true,"href":"https:\/\/serraproje.com\/en\/wp-json\/wp\/v2\/comments?post=29069"}],"version-history":[{"count":5,"href":"https:\/\/serraproje.com\/en\/wp-json\/wp\/v2\/pages\/29069\/revisions"}],"predecessor-version":[{"id":29101,"href":"https:\/\/serraproje.com\/en\/wp-json\/wp\/v2\/pages\/29069\/revisions\/29101"}],"wp:attachment":[{"href":"https:\/\/serraproje.com\/en\/wp-json\/wp\/v2\/media?parent=29069"}],"curies":[{"name":"wp","href":"https:\/\/api.w.org\/{rel}","templated":true}]}}