{"id":29077,"date":"2024-01-26T15:17:15","date_gmt":"2024-01-26T12:17:15","guid":{"rendered":"https:\/\/serraproje.com\/concept-and-consultancy-services\/"},"modified":"2024-04-30T12:34:51","modified_gmt":"2024-04-30T09:34:51","slug":"concept-and-consultancy-services","status":"publish","type":"page","link":"https:\/\/serraproje.com\/en\/concept-and-consultancy-services\/","title":{"rendered":"Concept and Consultancy Services"},"content":{"rendered":"\t\t<div data-elementor-type=\"wp-page\" data-elementor-id=\"29077\" class=\"elementor elementor-29077 elementor-27165\">\n\t\t\t\t\t\t<section class=\"elementor-section elementor-top-section elementor-element elementor-element-26974b2e elementor-section-content-top elementor-section-boxed elementor-section-height-default elementor-section-height-default\" data-id=\"26974b2e\" data-element_type=\"section\" data-e-type=\"section\">\r\n\t\t\t\t\t\t<div class=\"elementor-container elementor-column-gap-thegem\"><div class=\"elementor-row\">\r\n\t\t\t\t\t<div class=\"elementor-column elementor-col-100 elementor-top-column elementor-element elementor-element-5c71824\" data-id=\"5c71824\" data-element_type=\"column\" data-e-type=\"column\">\n\t\t\t<div class=\"elementor-widget-wrap elementor-element-populated\">\n\t\t\t\t\t\t<div class=\"elementor-element elementor-element-f376f98 flex-horizontal-align-default flex-horizontal-align-tablet-default flex-horizontal-align-mobile-default flex-vertical-align-default flex-vertical-align-tablet-default flex-vertical-align-mobile-default elementor-widget elementor-widget-text-editor\" data-id=\"f376f98\" data-element_type=\"widget\" data-e-type=\"widget\" data-widget_type=\"text-editor.default\">\n\t\t\t\t<div class=\"elementor-widget-container\">\n\t\t\t\t\t\t\t\t\t\t\t\t<div class=\"elementor-text-editor elementor-clearfix\">\r\n\t\t\t\t\t\t<ul>\n<li>MAN\u0130SA AKH\u0130SAR HOSPITAL<\/li>\n<li>ANTALYA ORB\u0130T G\u00d6Z HOSPITAL<\/li>\n<li>BURSA ANADOLU HOSPITAL<\/li>\n<li>BURSA DORUK HOSPITAL<\/li>\n<li>BURSA ROMATEM FTR HOSPITAL<\/li>\n<li>ANKARA ERYAMAN HOSPITAL<\/li>\n<li>FETH\u0130YE \u00d6ZEL ESNAF HOSPITAL<\/li>\n<li>GAZ\u0130ANTEP KARATA\u015e HOSPITAL<\/li>\n<li>\u0130STANBUL ATA\u015eEH\u0130R TIP HOSPITAL<\/li>\n<li>\u0130STANBUL YEN\u0130BOSNA MED\u0130PORT HOSPITAL<\/li>\n<li>\u0130ZM\u0130R ATAKALP HOSPITAL<\/li>\n<li>KAYSER\u0130 \u00d6M\u00dcR HOSPITAL<\/li>\n<li>KIRIKKALE H\u0130LAL TIP HOSPITAL<\/li>\n<li>\u00d6ZEL \u0130ZM\u0130R TORBALI DORUK HOSPITAL<\/li>\n<li>\u0130STANBUL SAFA HOSPITAL<\/li>\n<li>MAN\u0130SA SAL\u0130HL\u0130 CAN HOSPITAL<\/li>\n<li>KONYA MED\u0130CANA HOSPITAL<\/li>\n<li>\u0130STANBUL \u015e\u0130\u015eL\u0130 FLORENCE NIGHTINGALE HOSPITAL<\/li>\n<li>ANKARA MEMOR\u0130AL HOSPITAL<\/li>\n<li>GAZ\u0130ANTEP ANKA HOSPITAL<\/li>\n<li>KOCAEL\u0130 \u015eEH\u0130R HOSPITAL KAMP\u00dcS\u00dc (Sa\u011fl\u0131k Bakanl\u0131\u011f\u0131)<\/li>\n<li>\u0130ZM\u0130R \u015eEH\u0130R HOSPITAL KAMP\u00dcS\u00dc (Sa\u011fl\u0131k Bakanl\u0131\u011f\u0131)<\/li>\n<li>ANKARA AKRAPOL HOSPITAL<\/li>\n<li>ANKARA MED\u0130SUN HOSPITAL<\/li>\n<li>ANKARA BA\u011eLUM TIP HOSPITAL<\/li>\n<li>ANKARA HC INTERNATIONAL CLINIC<\/li>\n<li>AYDIN S\u00d6KE HOSPITAL<\/li>\n<li>\u00c7ERKEZK\u00d6Y \u0130RMET HOSPITAL<\/li>\n<li>ZONGULDAK ERE\u011eL\u0130 ANADOLU HOSPITAL<\/li>\n<li>ZONGULDAK ERE\u011eL\u0130 EKOMAR HOSPITAL<\/li>\n<li>ESK\u0130\u015eEH\u0130R ANADOLU HOSPITAL<\/li>\n<li>HATAY SAMANDA\u011e \u00d6ZEL HOSPITAL<\/li>\n<li>\u0130STANBUL \u00c7APA MED\u0130L\u0130FE HOSPITAL<\/li>\n<li>\u0130STANBUL S\u0130L\u0130VR\u0130 ANADOLU HOSPITAL<\/li>\n<li>\u0130STANBUL SANCAKTEPE B\u00d6LGE HOSPITAL<\/li>\n<li>YALOVA ATAKENT HOSPITAL<\/li>\n<li>\u00dcNYE \u00c7AKIRTEPE HOSPITAL<\/li>\n<li>BURSA BURTOM TIP HOSPITAL<\/li>\n<li>AKSARAY TEKDEN HOSPITAL<\/li>\n<li>A\u011eRI TIP HOSPITAL<\/li>\n<li>ANKARA NATOMED HOSPITAL<\/li>\n<li>\u0130STANBUL ET\u0130LER ROMATEM TIP HOSPITAL<\/li>\n<li>\u0130STANBUL BAYPARK HOSPITAL<\/li>\n<li>MAN\u0130SA ALA\u015eEH\u0130R SARIKIZ HOSPITAL <\/li>\n<\/ul>\n\t\t\t\t\t\t\t<\/div>\r\n\t\t\t\t\t\t\t\t\t\t<\/div>\n\t\t\t\t<\/div>\n\t\t\t\t\t<\/div>\n\t\t<\/div>\n\t\t\t\t\t<\/div><\/div>\r\n\t\t<\/section>\r\n\t\t\t\t<\/div>\n\t\t","protected":false},"excerpt":{"rendered":"<p>MAN\u0130SA AKH\u0130SAR HOSPITAL ANTALYA ORB\u0130T G\u00d6Z HOSPITAL BURSA ANADOLU HOSPITAL BURSA DORUK HOSPITAL BURSA ROMATEM FTR HOSPITAL ANKARA ERYAMAN HOSPITAL&#8230;<\/p>\n","protected":false},"author":1,"featured_media":0,"parent":0,"menu_order":0,"comment_status":"closed","ping_status":"closed","template":"","meta":{"footnotes":""},"class_list":["post-29077","page","type-page","status-publish"],"_links":{"self":[{"href":"https:\/\/serraproje.com\/en\/wp-json\/wp\/v2\/pages\/29077","targetHints":{"allow":["GET"]}}],"collection":[{"href":"https:\/\/serraproje.com\/en\/wp-json\/wp\/v2\/pages"}],"about":[{"href":"https:\/\/serraproje.com\/en\/wp-json\/wp\/v2\/types\/page"}],"author":[{"embeddable":true,"href":"https:\/\/serraproje.com\/en\/wp-json\/wp\/v2\/users\/1"}],"replies":[{"embeddable":true,"href":"https:\/\/serraproje.com\/en\/wp-json\/wp\/v2\/comments?post=29077"}],"version-history":[{"count":4,"href":"https:\/\/serraproje.com\/en\/wp-json\/wp\/v2\/pages\/29077\/revisions"}],"predecessor-version":[{"id":29103,"href":"https:\/\/serraproje.com\/en\/wp-json\/wp\/v2\/pages\/29077\/revisions\/29103"}],"wp:attachment":[{"href":"https:\/\/serraproje.com\/en\/wp-json\/wp\/v2\/media?parent=29077"}],"curies":[{"name":"wp","href":"https:\/\/api.w.org\/{rel}","templated":true}]}}