{"id":29084,"date":"2024-01-26T15:18:28","date_gmt":"2024-01-26T12:18:28","guid":{"rendered":"https:\/\/serraproje.com\/revision-and-consultancy-services\/"},"modified":"2024-04-30T12:35:37","modified_gmt":"2024-04-30T09:35:37","slug":"revision-and-consultancy-services","status":"publish","type":"page","link":"https:\/\/serraproje.com\/en\/revision-and-consultancy-services\/","title":{"rendered":"Revision and Consultancy Services"},"content":{"rendered":"\t\t<div data-elementor-type=\"wp-page\" data-elementor-id=\"29084\" class=\"elementor elementor-29084 elementor-27170\">\n\t\t\t\t\t\t<section class=\"elementor-section elementor-top-section elementor-element elementor-element-26974b2e elementor-section-content-top elementor-section-boxed elementor-section-height-default elementor-section-height-default\" data-id=\"26974b2e\" data-element_type=\"section\" data-e-type=\"section\">\r\n\t\t\t\t\t\t<div class=\"elementor-container elementor-column-gap-thegem\"><div class=\"elementor-row\">\r\n\t\t\t\t\t<div class=\"elementor-column elementor-col-100 elementor-top-column elementor-element elementor-element-5c71824\" data-id=\"5c71824\" data-element_type=\"column\" data-e-type=\"column\">\n\t\t\t<div class=\"elementor-widget-wrap elementor-element-populated\">\n\t\t\t\t\t\t<div class=\"elementor-element elementor-element-f376f98 flex-horizontal-align-default flex-horizontal-align-tablet-default flex-horizontal-align-mobile-default flex-vertical-align-default flex-vertical-align-tablet-default flex-vertical-align-mobile-default elementor-widget elementor-widget-text-editor\" data-id=\"f376f98\" data-element_type=\"widget\" data-e-type=\"widget\" data-widget_type=\"text-editor.default\">\n\t\t\t\t<div class=\"elementor-widget-container\">\n\t\t\t\t\t\t\t\t\t\t\t\t<div class=\"elementor-text-editor elementor-clearfix\">\r\n\t\t\t\t\t\t<ul>\n<li>ANTALYA MED\u0130TALYA HOSPITAL<\/li>\n<li>AYDIN NAZ\u0130LL\u0130 HOSPITAL<\/li>\n<li>\u0130STANBUL BEYL\u0130KD\u00dcZ\u00dc KOLON HOSPITAL<\/li>\n<li>FETH\u0130YE \u00d6ZEL LETOON HOSPITAL<\/li>\n<li>GAZ\u0130ANTEP BAYINDIR HOSPITAL<\/li>\n<li>GAZ\u0130ANTEP HAYAT HOSPITAL<\/li>\n<li>HATAY EM\u0130R HOSPITAL<\/li>\n<li>\u0130STANBUL BAH\u00c7EL\u0130EVLER MED\u0130PORT HOSPITAL<\/li>\n<li>KAHRAMAN.MARA\u015e HAYAT HOSPITAL<\/li>\n<li>SAMSUN MED\u0130BAFRA HOSPITAL<\/li>\n<li>MU\u011eLA ORTACA Y\u00dcCELEN HOSPITAL<\/li>\n<li>MU\u011eLA \u00d6ZEL Y\u00dcCELEN HOSPITAL<\/li>\n<li>MAN\u0130SA 8 EYL\u00dcL ADDITIONAL BUILDING<\/li>\n<li>GAZ\u0130ANTEP TAMMED HOSPITAL<\/li>\n<li>AYDIN KU\u015eADASI HOSPITAL<\/li>\n<li>BURSA PEMBE MAV\u0130 HOSPITAL<\/li>\n<li>\u0130STANBUL BA\u011eCILAR MED\u0130L\u0130FE HOSPITAL<\/li>\n<li>TRABZON CL\u0130NARD HOSPITAL<\/li>\n<li>KAHRAMANMARA\u015e L\u0130FE HOSPITAL<\/li>\n<li>SAMSUN ROMATEM HOSPITAL<\/li>\n<li>KOCAEL\u0130 AKADEM\u0130 HOSPITAL<\/li>\n<li>B\u0130TL\u0130S TATVAN CAN HOSPITAL<\/li>\n<li>\u0130STANBUL MENTAL\u0130ST HOSPITAL<\/li>\n<li>KAD\u0130RL\u0130 YED\u0130MART HOSPITAL<\/li>\n<li>\u015eANLIURFA URFAMED HOSPITAL<\/li>\n<li>ISPARTA \u00d6ZEL HOSPITAL<\/li>\n<li>ANTALYA MANAVGAT TIP HOSPITAL<\/li>\n<li>\u0130STANBUL BA\u015eARI HOSPITAL<\/li>\n<li>\u0130STANBUL AVRUPA \u015eAFAK HOSPITAL<\/li>\n<li>\u0130ZM\u0130R GALEN HOSPITAL<\/li>\n<li>KONYA ANIT HOSPITAL<\/li>\n<li>L\u00dcLEBURGAZ TIP HOSPITAL<\/li>\n<li>SAMSUN MED\u0130VA HOSPITAL<\/li>\n<li>ZONGULDAK VATAN HOSPITAL<\/li>\n<\/ul>\n\t\t\t\t\t\t\t<\/div>\r\n\t\t\t\t\t\t\t\t\t\t<\/div>\n\t\t\t\t<\/div>\n\t\t\t\t\t<\/div>\n\t\t<\/div>\n\t\t\t\t\t<\/div><\/div>\r\n\t\t<\/section>\r\n\t\t\t\t<\/div>\n\t\t","protected":false},"excerpt":{"rendered":"<p>ANTALYA MED\u0130TALYA HOSPITAL AYDIN NAZ\u0130LL\u0130 HOSPITAL \u0130STANBUL BEYL\u0130KD\u00dcZ\u00dc KOLON HOSPITAL FETH\u0130YE \u00d6ZEL LETOON HOSPITAL GAZ\u0130ANTEP BAYINDIR HOSPITAL GAZ\u0130ANTEP HAYAT HOSPITAL&#8230;<\/p>\n","protected":false},"author":1,"featured_media":0,"parent":0,"menu_order":0,"comment_status":"closed","ping_status":"closed","template":"","meta":{"footnotes":""},"class_list":["post-29084","page","type-page","status-publish"],"_links":{"self":[{"href":"https:\/\/serraproje.com\/en\/wp-json\/wp\/v2\/pages\/29084","targetHints":{"allow":["GET"]}}],"collection":[{"href":"https:\/\/serraproje.com\/en\/wp-json\/wp\/v2\/pages"}],"about":[{"href":"https:\/\/serraproje.com\/en\/wp-json\/wp\/v2\/types\/page"}],"author":[{"embeddable":true,"href":"https:\/\/serraproje.com\/en\/wp-json\/wp\/v2\/users\/1"}],"replies":[{"embeddable":true,"href":"https:\/\/serraproje.com\/en\/wp-json\/wp\/v2\/comments?post=29084"}],"version-history":[{"count":4,"href":"https:\/\/serraproje.com\/en\/wp-json\/wp\/v2\/pages\/29084\/revisions"}],"predecessor-version":[{"id":29102,"href":"https:\/\/serraproje.com\/en\/wp-json\/wp\/v2\/pages\/29084\/revisions\/29102"}],"wp:attachment":[{"href":"https:\/\/serraproje.com\/en\/wp-json\/wp\/v2\/media?parent=29084"}],"curies":[{"name":"wp","href":"https:\/\/api.w.org\/{rel}","templated":true}]}}