{"id":29113,"date":"2023-12-26T17:23:37","date_gmt":"2023-12-26T14:23:37","guid":{"rendered":"https:\/\/serraproje.com\/services\/architectural-project-revision-and-consultancy-services\/"},"modified":"2024-05-01T09:09:39","modified_gmt":"2024-05-01T06:09:39","slug":"architectural-project-revision-and-consultancy-services","status":"publish","type":"page","link":"https:\/\/serraproje.com\/en\/services\/architectural-project-revision-and-consultancy-services\/","title":{"rendered":"Architectural Project Revision and Consultancy Services"},"content":{"rendered":"\t\t<div data-elementor-type=\"wp-page\" data-elementor-id=\"29113\" class=\"elementor elementor-29113 elementor-25789\">\n\t\t\t\t\t\t<section class=\"elementor-section elementor-top-section elementor-element elementor-element-26974b2e elementor-section-content-top elementor-section-boxed elementor-section-height-default elementor-section-height-default\" data-id=\"26974b2e\" data-element_type=\"section\" data-e-type=\"section\">\r\n\t\t\t\t\t\t<div class=\"elementor-container elementor-column-gap-thegem\"><div class=\"elementor-row\">\r\n\t\t\t\t\t<div class=\"elementor-column elementor-col-100 elementor-top-column elementor-element elementor-element-5c71824\" data-id=\"5c71824\" data-element_type=\"column\" data-e-type=\"column\">\n\t\t\t<div class=\"elementor-widget-wrap elementor-element-populated\">\n\t\t\t\t\t\t<div class=\"elementor-element elementor-element-f376f98 flex-horizontal-align-default flex-horizontal-align-tablet-default flex-horizontal-align-mobile-default flex-vertical-align-default flex-vertical-align-tablet-default flex-vertical-align-mobile-default elementor-widget elementor-widget-text-editor\" data-id=\"f376f98\" data-element_type=\"widget\" data-e-type=\"widget\" data-widget_type=\"text-editor.default\">\n\t\t\t\t<div class=\"elementor-widget-container\">\n\t\t\t\t\t\t\t\t\t\t\t\t<div class=\"elementor-text-editor elementor-clearfix\">\r\n\t\t\t\t\t\t<p>For facilities where revision or additional building is considered within the framework of new needs in existing Health Facilities; Our office reconsiders and revises architectural and engineering projects within the framework of healthcare building regulations.<\/p>\n\t\t\t\t\t\t\t<\/div>\r\n\t\t\t\t\t\t\t\t\t\t<\/div>\n\t\t\t\t<\/div>\n\t\t\t\t<div class=\"elementor-element elementor-element-31804b03 flex-horizontal-align-default flex-horizontal-align-tablet-default flex-horizontal-align-mobile-default flex-vertical-align-default flex-vertical-align-tablet-default flex-vertical-align-mobile-default elementor-widget elementor-widget-text-editor\" data-id=\"31804b03\" data-element_type=\"widget\" data-e-type=\"widget\" data-widget_type=\"text-editor.default\">\n\t\t\t\t<div class=\"elementor-widget-container\">\n\t\t\t\t\t\t\t\t\t\t\t\t<div class=\"elementor-text-editor elementor-clearfix\">\r\n\t\t\t\t\t\t<p><a href=\"https:\/\/serraproje.com\/wp-content\/uploads\/2023\/12\/mimari-proje-revizyon-ve-danismanlik-hizmetleri-02.jpg\"><img fetchpriority=\"high\" class=\"alignnone size-full wp-image-25966\" src=\"https:\/\/serraproje.com\/wp-content\/uploads\/2023\/12\/mimari-proje-revizyon-ve-danismanlik-hizmetleri-02.jpg\" alt=\"ARCHITECTURAL PROJECT REVISION AND CONSULTANCY SERVICES\" width=\"900\" height=\"600\" srcset=\"https:\/\/serraproje.com\/wp-content\/uploads\/2023\/12\/mimari-proje-revizyon-ve-danismanlik-hizmetleri-02.jpg 900w, https:\/\/serraproje.com\/wp-content\/uploads\/2023\/12\/mimari-proje-revizyon-ve-danismanlik-hizmetleri-02-300x200.jpg 300w, https:\/\/serraproje.com\/wp-content\/uploads\/2023\/12\/mimari-proje-revizyon-ve-danismanlik-hizmetleri-02-768x512.jpg 768w\" sizes=\"(max-width: 900px) 100vw, 900px\" \/><\/a><\/p>\n<p><strong><em>Architectural project revision and consultancy service<\/em><\/strong>s are services provided to adapt the architectural project of an existing building to the new needs of the building or current regulations. These services aim to increase the functionality and safety of the existing structure, preserve the value of the structure and ensure the sustainability of the structure.<\/p>\n<h4>Buildings That Need Architectural Project Revision and Consultancy Services<\/h4>\n<p>Buildings that need architectural project revision and consultancy services can benefit from these services if they contain any of the following elements:<\/p>\n<h5>If a change is planned in the function or use of the building<\/h5>\n<p>Any change in the function or use of the building may also require changing the architectural project of the building. For example, if the function of a hospital building is determined to increase the emergency department capacity, the size and location of the emergency department should be changed in the architectural project of the building.<\/p>\n<h5>If the building needs to be brought into compliance with new regulations<\/h5>\n<p>Regulations may change over time. Therefore, architectural project revision may be required to bring an existing building into compliance with regulations. For example, in order to make a school building compliant with fire regulations, elements such as fire escapes, fire exits and fire extinguishing systems must be updated in the architectural project of the building.<\/p>\n<h5>If the current state of the building does not meet user needs<\/h5>\n<p>If the current state of the building does not meet the user needs, the architectural project of the building can be revised and made suitable for the user needs. For example, the workspaces of an office building can be redesigned to suit the needs of employees.<\/p>\n<h5>If there are risks regarding the safety or sustainability of the structure<\/h5>\n<p>If there are risks regarding the safety or sustainability of the building, these risks can be eliminated by revising the architectural project of the building. For example, to increase the earthquake safety of a building, load-bearing systems and earthquake-resistant elements can be strengthened in the architectural project of the building.<\/p>\n<p><a href=\"https:\/\/serraproje.com\/wp-content\/uploads\/2023\/12\/mimari-proje-revizyon-ve-danismanlik-hizmetleri-01.jpg\"><img class=\"alignnone size-full wp-image-25965\" src=\"https:\/\/serraproje.com\/wp-content\/uploads\/2023\/12\/mimari-proje-revizyon-ve-danismanlik-hizmetleri-01.jpg\" alt=\"ARCHITECTURAL PROJECT REVISION AND CONSULTANCY SERVICES\" width=\"900\" height=\"600\" srcset=\"https:\/\/serraproje.com\/wp-content\/uploads\/2023\/12\/mimari-proje-revizyon-ve-danismanlik-hizmetleri-01.jpg 900w, https:\/\/serraproje.com\/wp-content\/uploads\/2023\/12\/mimari-proje-revizyon-ve-danismanlik-hizmetleri-01-300x200.jpg 300w, https:\/\/serraproje.com\/wp-content\/uploads\/2023\/12\/mimari-proje-revizyon-ve-danismanlik-hizmetleri-01-768x512.jpg 768w\" sizes=\"(max-width: 900px) 100vw, 900px\" \/><\/a><\/p>\n<h4>Architectural Project Revision and Consultancy Services Process<\/h4>\n<p>Architectural project revision and consultancy services consist of the following stages:<\/p>\n<h5>The current status, needs and expectations of the building are determined through the research process.<\/h5>\n<p>At this stage, the current status of the building is examined and its function, usage, user needs and compliance with regulations are determined.<\/p>\n<h5>During the planning process, a plan is made to adapt the building to new needs and regulations.<\/h5>\n<p>At this stage, the changes necessary to make the structure compatible with the new needs and regulations are determined.<\/p>\n<h5>During the application process, the architectural project of the building is revised in line with the planning.<\/h5>\n<p>At this stage, necessary changes are made in the architectural project of the building.<\/p>\n<h4>Services<\/h4>\n<p>As Serra Project, we pay attention to the following points while providing architectural project revision and consultancy services in existing healthcare facilities:<\/p>\n<h5>We examine the current state of the building in detail.<\/h5>\n<p>By examining the current condition of the building, we understand its function, use and safety.<\/p>\n<h5>We understand the new needs and expectations of the building.<\/h5>\n<p>To understand the new needs and expectations of the building, we hold interviews with the users and managers of the building.<\/p>\n<h5>We determine the necessary changes to bring the building into compliance with the regulations.<\/h5>\n<p>Healthcare facilities are subject to various regulations. Compliance with these regulations is important to maintain the functionality and safety of the structure. As a result of our inspections, we determine the changes necessary to bring the building into compliance with the regulations.<\/p>\n<h5>We revise the architectural project of the building in accordance with the current condition and needs of the building.<\/h5>\n<p>While revising the architectural project of the building, we take into consideration the current condition and needs of the building. In this way, the functionality and security of the building is increased by revising the architectural project of the building.<\/p>\n<h6>We provide the necessary technical support for the construction of the building.<\/h6>\n<p>We ensure that the building is built in accordance with the architectural project. In this way, we ensure the functionality and safety of the structure.<\/p>\n<h4>Our Customers<\/h4>\n<p>As Serra Project, we have provided architectural project revision and consultancy services for many healthcare facilities to date. Our customers include private hospitals, public hospitals, university hospitals and medical centers.<\/p>\n<h4>References<\/h4>\n<p>As Serra Proje, we share our references about our work on our website and social media accounts.<\/p>\n<p>Serra Proje is an experienced and expert company that provides architectural project revision and consultancy services in existing healthcare facilities. Firmam\u0131z, yapt\u0131\u011f\u0131 \u00e7al\u0131\u015fmalarla sa\u011fl\u0131k tesislerinin i\u015flevselli\u011fini ve g\u00fcvenli\u011fini art\u0131rmaya, yap\u0131lar\u0131n de\u011ferini korumaya ve yap\u0131lar\u0131n s\u00fcrd\u00fcr\u00fclebilirli\u011fini sa\u011flamaya katk\u0131da bulunmaktad\u0131r.<\/p>\n<p><a href=\"https:\/\/serraproje.com\/wp-content\/uploads\/2023\/12\/mimari-proje-revizyon-ve-danismanlik-hizmetleri.jpg\"><img class=\"alignnone size-full wp-image-25964\" src=\"https:\/\/serraproje.com\/wp-content\/uploads\/2023\/12\/mimari-proje-revizyon-ve-danismanlik-hizmetleri.jpg\" alt=\"ARCHITECTURAL PROJECT REVISION AND CONSULTANCY SERVICES\" width=\"900\" height=\"607\" srcset=\"https:\/\/serraproje.com\/wp-content\/uploads\/2023\/12\/mimari-proje-revizyon-ve-danismanlik-hizmetleri.jpg 900w, https:\/\/serraproje.com\/wp-content\/uploads\/2023\/12\/mimari-proje-revizyon-ve-danismanlik-hizmetleri-300x202.jpg 300w, https:\/\/serraproje.com\/wp-content\/uploads\/2023\/12\/mimari-proje-revizyon-ve-danismanlik-hizmetleri-768x518.jpg 768w\" sizes=\"(max-width: 900px) 100vw, 900px\" \/><\/a><\/p>\n\t\t\t\t\t\t\t<\/div>\r\n\t\t\t\t\t\t\t\t\t\t<\/div>\n\t\t\t\t<\/div>\n\t\t\t\t\t<\/div>\n\t\t<\/div>\n\t\t\t\t\t<\/div><\/div>\r\n\t\t<\/section>\r\n\t\t\t\t<\/div>\n\t\t","protected":false},"excerpt":{"rendered":"<p>For facilities where revision or additional building is considered within the framework of new needs in existing Health Facilities; Our&#8230;<\/p>\n","protected":false},"author":1,"featured_media":0,"parent":28999,"menu_order":0,"comment_status":"closed","ping_status":"closed","template":"","meta":{"footnotes":""},"class_list":["post-29113","page","type-page","status-publish"],"_links":{"self":[{"href":"https:\/\/serraproje.com\/en\/wp-json\/wp\/v2\/pages\/29113","targetHints":{"allow":["GET"]}}],"collection":[{"href":"https:\/\/serraproje.com\/en\/wp-json\/wp\/v2\/pages"}],"about":[{"href":"https:\/\/serraproje.com\/en\/wp-json\/wp\/v2\/types\/page"}],"author":[{"embeddable":true,"href":"https:\/\/serraproje.com\/en\/wp-json\/wp\/v2\/users\/1"}],"replies":[{"embeddable":true,"href":"https:\/\/serraproje.com\/en\/wp-json\/wp\/v2\/comments?post=29113"}],"version-history":[{"count":4,"href":"https:\/\/serraproje.com\/en\/wp-json\/wp\/v2\/pages\/29113\/revisions"}],"predecessor-version":[{"id":29117,"href":"https:\/\/serraproje.com\/en\/wp-json\/wp\/v2\/pages\/29113\/revisions\/29117"}],"up":[{"embeddable":true,"href":"https:\/\/serraproje.com\/en\/wp-json\/wp\/v2\/pages\/28999"}],"wp:attachment":[{"href":"https:\/\/serraproje.com\/en\/wp-json\/wp\/v2\/media?parent=29113"}],"curies":[{"name":"wp","href":"https:\/\/api.w.org\/{rel}","templated":true}]}}